{"id":10543,"date":"2026-02-18T17:37:50","date_gmt":"2026-02-18T22:37:50","guid":{"rendered":"https:\/\/acxcom.com\/ai-solutions\/"},"modified":"2026-02-18T17:37:52","modified_gmt":"2026-02-18T22:37:52","slug":"ai-solutions","status":"publish","type":"page","link":"https:\/\/acxcom.com\/en\/ai-solutions\/","title":{"rendered":"AI Solutions"},"content":{"rendered":"<p>[et_pb_section fb_built=&#8221;1&#8243; module_class=&#8221;acx-section-1&#8243; _builder_version=&#8221;4.27.2&#8243; _module_preset=&#8221;default&#8221; background_color=&#8221;#383838&#8243; custom_padding=&#8221;0px||||false|false&#8221; global_colors_info=&#8221;{}&#8221;][et_pb_row module_class=&#8221;acx-banner&#8221; _builder_version=&#8221;4.27.5&#8243; _module_preset=&#8221;default&#8221; background_image=&#8221;https:\/\/acxcom.com\/wp-content\/uploads\/2026\/01\/Banners-pages-solutions-ia.png&#8221; background_position=&#8221;center_left&#8221; width=&#8221;100%&#8221; max_width=&#8221;100%&#8221; module_alignment=&#8221;center&#8221; height=&#8221;175px&#8221; custom_margin=&#8221;||||false|false&#8221; custom_css_main_element=&#8221;display:flex;||align-items:center;&#8221; global_colors_info=&#8221;{}&#8221;][et_pb_column type=&#8221;4_4&#8243; _builder_version=&#8221;4.27.0&#8243; _module_preset=&#8221;default&#8221; global_colors_info=&#8221;{}&#8221;][et_pb_text admin_label=&#8221;Solutions IA et int\u00e9gration intelligente | L\u2019intelligence artificielle au service de votre performance&#8221; _builder_version=&#8221;4.27.5&#8243; _module_preset=&#8221;default&#8221; text_text_color=&#8221;#F46C16&#8243; text_font_size=&#8221;17px&#8221; header_3_font=&#8221;&#8211;et_global_heading_font|600|||||||&#8221; header_3_font_size=&#8221;30px&#8221; custom_margin=&#8221;|5%||5%|false|true&#8221; custom_margin_tablet=&#8221;|5%||5%|false|true&#8221; custom_margin_phone=&#8221;|10%||10%|false|true&#8221; custom_margin_last_edited=&#8221;on|phone&#8221; global_colors_info=&#8221;{}&#8221;]<\/p>\n<h1 style=\"font-size: 17px; color: #f46c16;\">AI Solutions and Intelligent Integration<\/h1>\n<p><\/p>\n<h3><strong>Artificial intelligence at the service of your performance<\/strong><\/h3>\n<p>[\/et_pb_text][\/et_pb_column][\/et_pb_row][et_pb_row _builder_version=&#8221;4.27.2&#8243; _module_preset=&#8221;default&#8221; width=&#8221;90%&#8221; max_width=&#8221;90%&#8221; max_width_tablet=&#8221;90%&#8221; max_width_phone=&#8221;80%&#8221; max_width_last_edited=&#8221;on|phone&#8221; global_colors_info=&#8221;{}&#8221;][et_pb_column type=&#8221;4_4&#8243; _builder_version=&#8221;4.27.0&#8243; _module_preset=&#8221;default&#8221; global_colors_info=&#8221;{}&#8221;][et_pb_text admin_label=&#8221;Des solutions concr\u00e8tes pour automatiser, optimiser et mieux convertir, de fa\u00e7on structur\u00e9e.&#8221; module_class=&#8221;acx-module-hdp&#8221; _builder_version=&#8221;4.27.5&#8243; _module_preset=&#8221;default&#8221; text_font=&#8221;|600|||||||&#8221; text_font_size=&#8221;16px&#8221; header_text_align=&#8221;left&#8221; header_font_size=&#8221;50px&#8221; header_2_font=&#8221;&#8211;et_global_heading_font|300|||||||&#8221; header_2_text_align=&#8221;left&#8221; header_2_font_size=&#8221;32px&#8221; text_orientation=&#8221;center&#8221; custom_padding=&#8221;0px||||false|false&#8221; global_colors_info=&#8221;{}&#8221;]<\/p>\n<h2>Concrete solutions to automate, optimize, and improve conversions in a structured way.<\/h2>\n<p>[\/et_pb_text][et_pb_image src=&#8221;https:\/\/acxcom.com\/wp-content\/uploads\/2024\/09\/white-line.svg&#8221; title_text=&#8221;white-line&#8221; align=&#8221;center&#8221; force_fullwidth=&#8221;on&#8221; _builder_version=&#8221;4.27.0&#8243; _module_preset=&#8221;default&#8221; custom_margin=&#8221;20px||-2px||false|false&#8221; global_colors_info=&#8221;{}&#8221;][\/et_pb_image][\/et_pb_column][\/et_pb_row][et_pb_row column_structure=&#8221;3_5,2_5&#8243; _builder_version=&#8221;4.27.2&#8243; _module_preset=&#8221;default&#8221; width=&#8221;90%&#8221; max_width=&#8221;90%&#8221; max_width_tablet=&#8221;90%&#8221; max_width_phone=&#8221;80%&#8221; max_width_last_edited=&#8221;on|phone&#8221; global_colors_info=&#8221;{}&#8221;][et_pb_column type=&#8221;3_5&#8243; _builder_version=&#8221;4.27.0&#8243; _module_preset=&#8221;default&#8221; global_colors_info=&#8221;{}&#8221;][et_pb_text admin_label=&#8221;Vous souhaitez tirer profit de l\u2019intelligence artificielle&#8230;&#8221; _builder_version=&#8221;4.27.5&#8243; _module_preset=&#8221;default&#8221; custom_margin=&#8221;0px||0px||false|false&#8221; custom_padding=&#8221;30px||30px||true|&#8221; global_colors_info=&#8221;{}&#8221;]<\/p>\n<p>Looking to leverage artificial intelligence without unnecessary complexity or risk? Acxcom supports SMEs in the integration and optimization of <strong>AI solutions<\/strong> <strong>tailored<\/strong> to their business realities, transforming advanced technologies into concrete drivers of performance, time savings, and operational efficiency.<\/p>\n<p><\/p>\n<p>Our approach is grounded in <strong>strong human expertise<\/strong>, ensuring AI is properly guided, its value maximized, and inefficient or poorly managed uses avoided.<\/p>\n<p>[\/et_pb_text][et_pb_button button_url=&#8221;https:\/\/acxcom.com\/en\/contact\/#creer-site&#8221; button_text=&#8221;Get in touch with us&#8221; button_alignment=&#8221;left&#8221; button_alignment_tablet=&#8221;left&#8221; button_alignment_phone=&#8221;center&#8221; button_alignment_last_edited=&#8221;on|phone&#8221; admin_label=&#8221;Bouton &#8211; Entrez en contact avec nous&#8221; _builder_version=&#8221;4.27.5&#8243; _module_preset=&#8221;default&#8221; custom_button=&#8221;on&#8221; button_bg_color=&#8221;RGBA(255,255,255,0)&#8221; button_bg_enable_image=&#8221;off&#8221; custom_margin=&#8221;50px||40px||false|false&#8221; custom_padding=&#8221;||||false|false&#8221; custom_css_free_form=&#8221;a.et_pb_button {||display: flex;||align-items: center;||justify-content: center;||}&#8221; global_colors_info=&#8221;{}&#8221; custom_css_main_element_last_edited=&#8221;on|phone&#8221; custom_css_main_element_phone=&#8221;width:100%;||white-space: normal;||text-align:center;&#8221; custom_css_main_element_tablet=&#8221;width:100%;||white-space: normal;||text-align:center;&#8221;][\/et_pb_button][\/et_pb_column][et_pb_column type=&#8221;2_5&#8243; _builder_version=&#8221;4.27.0&#8243; _module_preset=&#8221;default&#8221; global_colors_info=&#8221;{}&#8221;][et_pb_image src=&#8221;https:\/\/acxcom.com\/wp-content\/uploads\/2026\/01\/main-ia_V2.png&#8221; alt=&#8221;AI Solutions | Specialists in AI Optimization and Integration, Artificial Intelligence | Acxcom Web Agency&#8221; title_text=&#8221;main-ia_V2&#8243; _builder_version=&#8221;4.27.5&#8243; _module_preset=&#8221;default&#8221; custom_margin=&#8221;||||false|false&#8221; custom_padding=&#8221;|120px||120px|false|true&#8221; custom_padding_tablet=&#8221;|0px||0px|false|true&#8221; custom_padding_phone=&#8221;|0px||0px|false|true&#8221; custom_padding_last_edited=&#8221;on|tablet&#8221; global_colors_info=&#8221;{}&#8221;][\/et_pb_image][\/et_pb_column][\/et_pb_row][\/et_pb_section][et_pb_section fb_built=&#8221;1&#8243; custom_padding_last_edited=&#8221;on|phone&#8221; module_id=&#8221;jb-homepage-service&#8221; _builder_version=&#8221;4.27.5&#8243; _module_preset=&#8221;default&#8221; background_color=&#8221;#222222&#8243; use_background_color_gradient=&#8221;on&#8221; background_color_gradient_direction=&#8221;90deg&#8221; background_color_gradient_stops=&#8221;#111111 50%|#1f1f1f 50%&#8221; background_enable_image=&#8221;off&#8221; background_size=&#8221;initial&#8221; custom_padding=&#8221;100px||0px||false|false&#8221; custom_padding_tablet=&#8221;60px||60px|||&#8221; custom_padding_phone=&#8221;30px|10%|30px|10%|true|true&#8221; background_last_edited=&#8221;on|tablet&#8221; use_background_color_gradient_tablet=&#8221;on&#8221; background_color_gradient_stops_tablet=&#8221;#111111 100%|#1f1f1f 100%&#8221; custom_css_main_element=&#8221;background-image:URL(&#8216;\/wp-content\/uploads\/2025\/07\/PostSinglePage-bg-TL.png&#8217;), URL(&#8216;\/wp-content\/uploads\/2025\/07\/PostSinglePage-bg-TR.png&#8217;), URL(&#8216;\/wp-content\/uploads\/2025\/07\/PostSinglePage-bg-BR.png&#8217;), URL(&#8216;\/wp-content\/uploads\/2025\/07\/PostSinglePage-bg-BL.png&#8217;);||background-position: top left, top right, bottom right, bottom left;||background-size: auto;&#8221; global_colors_info=&#8221;{}&#8221;][et_pb_row _builder_version=&#8221;4.27.5&#8243; _module_preset=&#8221;default&#8221; width=&#8221;90%&#8221; max_width=&#8221;90%&#8221; global_colors_info=&#8221;{}&#8221;][et_pb_column type=&#8221;4_4&#8243; _builder_version=&#8221;4.27.5&#8243; _module_preset=&#8221;default&#8221; global_colors_info=&#8221;{}&#8221;][et_pb_text admin_label=&#8221;Nos solutions d\u2019optimisation et d\u2019int\u00e9gration IA&#8221; _builder_version=&#8221;4.27.5&#8243; _module_preset=&#8221;default&#8221; header_3_font_size=&#8221;28px&#8221; global_colors_info=&#8221;{}&#8221;]<\/p>\n<h3 style=\"margin-bottom: -20px;\">Our AI Optimization and Integration Solutions<\/h3>\n<p>[\/et_pb_text][\/et_pb_column][\/et_pb_row][\/et_pb_section][et_pb_section fb_built=&#8221;1&#8243; custom_padding_last_edited=&#8221;on|phone&#8221; module_id=&#8221;jb-homepage-service&#8221; _builder_version=&#8221;4.27.5&#8243; _module_preset=&#8221;default&#8221; background_color=&#8221;#222222&#8243; use_background_color_gradient=&#8221;on&#8221; background_color_gradient_direction=&#8221;90deg&#8221; background_color_gradient_stops=&#8221;#111111 50%|#1f1f1f 50%&#8221; background_enable_image=&#8221;off&#8221; background_size=&#8221;initial&#8221; custom_padding=&#8221;40px||100px||false|false&#8221; custom_padding_tablet=&#8221;60px||60px|||&#8221; custom_padding_phone=&#8221;30px|10%|30px|10%|true|true&#8221; background_last_edited=&#8221;on|tablet&#8221; use_background_color_gradient_tablet=&#8221;on&#8221; background_color_gradient_stops_tablet=&#8221;#111111 100%|#1f1f1f 100%&#8221; custom_css_main_element=&#8221;background-image:URL(&#8216;\/wp-content\/uploads\/2025\/07\/PostSinglePage-bg-TL.png&#8217;), URL(&#8216;\/wp-content\/uploads\/2025\/07\/PostSinglePage-bg-TR.png&#8217;), URL(&#8216;\/wp-content\/uploads\/2025\/07\/PostSinglePage-bg-BR.png&#8217;), URL(&#8216;\/wp-content\/uploads\/2025\/07\/PostSinglePage-bg-BL.png&#8217;);||background-position: top left, top right, bottom right, bottom left;||background-size: auto;&#8221; global_colors_info=&#8221;{}&#8221;][et_pb_row column_structure=&#8221;1_2,1_2&#8243; _builder_version=&#8221;4.27.5&#8243; _module_preset=&#8221;default&#8221; width=&#8221;90%&#8221; width_tablet=&#8221;90%&#8221; width_phone=&#8221;100%&#8221; width_last_edited=&#8221;on|phone&#8221; max_width=&#8221;90%&#8221; max_width_tablet=&#8221;90%&#8221; max_width_phone=&#8221;100%&#8221; max_width_last_edited=&#8221;on|phone&#8221; custom_padding=&#8221;0px||0px|||&#8221; global_colors_info=&#8221;{}&#8221;][et_pb_column type=&#8221;1_2&#8243; _builder_version=&#8221;4.27.0&#8243; _module_preset=&#8221;default&#8221; global_colors_info=&#8221;{}&#8221;][et_pb_text admin_label=&#8221;Chatbots intelligents et assistants conversationnels&#8221; _builder_version=&#8221;4.27.5&#8243; _module_preset=&#8221;default&#8221; header_4_text_color=&#8221;#44a8c6&#8243; header_4_font_size=&#8221;24px&#8221; header_5_text_color=&#8221;#F46C16&#8243; header_5_font_size=&#8221;20px&#8221; custom_margin=&#8221;0px||0px||false|false&#8221; custom_padding=&#8221;0px|24px|0px||true|&#8221; global_colors_info=&#8221;{}&#8221;]<\/p>\n<h4 style=\"margin-bottom: -20px;\"><strong>Intelligent Chatbots and Conversational Assistants<\/strong><\/h4>\n<p><\/p>\n<h5 style=\"margin-bottom: 20px;\">Enhance customer experience while reducing your teams\u2019 workload.<\/h5>\n<p><\/p>\n<p><strong>Our intelligent chatbots and voice assistants are designed to:<\/strong><\/p>\n<p><\/p>\n<ul class=\"triangle-list\" style=\"margin-top: -0px;\">\n<li>instantly answer your visitors\u2019 frequently asked questions<\/li>\n<li>guide users toward the right information or actions<\/li>\n<li>capture qualified inquiries 24\/7<\/li>\n<li>reduce lost opportunities and response time<\/li>\n<\/ul>\n<p><\/p>\n<p>&nbsp;<\/p>\n<p><\/p>\n<p><strong>Concrete benefits:<\/strong><\/p>\n<p><\/p>\n<ul class=\"triangle-list\">\n<li>lower support and customer service costs<\/li>\n<li>greater availability without additional hiring<\/li>\n<li>seamless integration with your website or existing tools<\/li>\n<li>full control over responses, tone, and data usage<\/li>\n<\/ul>\n<p>[\/et_pb_text][et_pb_button button_url=&#8221;@ET-DC@eyJkeW5hbWljIjp0cnVlLCJjb250ZW50IjoicG9zdF9saW5rX3VybF9wYWdlIiwic2V0dGluZ3MiOnsicG9zdF9pZCI6IjEwNDg2In19@&#8221; button_text=&#8221;Learn more about AI Voice Agents&#8221; _builder_version=&#8221;4.27.5&#8243; _dynamic_attributes=&#8221;button_url&#8221; _module_preset=&#8221;default&#8221; custom_margin=&#8221;40px||||false|false&#8221; global_colors_info=&#8221;{}&#8221;][\/et_pb_button][et_pb_image src=&#8221;https:\/\/acxcom.com\/wp-content\/uploads\/2024\/09\/white-line.svg&#8221; title_text=&#8221;white-line&#8221; align=&#8221;center&#8221; force_fullwidth=&#8221;on&#8221; _builder_version=&#8221;4.27.0&#8243; _module_preset=&#8221;default&#8221; custom_margin=&#8221;30px||21px||false|false&#8221; custom_padding=&#8221;|30px||||&#8221; global_colors_info=&#8221;{}&#8221;][\/et_pb_image][et_pb_text admin_label=&#8221;Automatisation et fonctionnalit\u00e9s IA sur mesure&#8221; _builder_version=&#8221;4.27.5&#8243; _module_preset=&#8221;default&#8221; header_4_text_color=&#8221;#44a8c6&#8243; header_4_font_size=&#8221;24px&#8221; header_5_text_color=&#8221;#F46C16&#8243; header_5_font_size=&#8221;20px&#8221; custom_margin=&#8221;0px||0px||false|false&#8221; custom_padding=&#8221;0px|24px|0px||true|&#8221; global_colors_info=&#8221;{}&#8221;]<\/p>\n<h4 style=\"margin-bottom: -20px;\"><strong>Custom AI Automation and Features<\/strong><\/h4>\n<p><\/p>\n<h5 style=\"margin-bottom: 20px;\">Artificial intelligence can also operate behind the scenes<\/h5>\n<p><\/p>\n<p><strong>We integrate AI-powered features directly into your digital platforms to:<\/strong><\/p>\n<p><\/p>\n<ul class=\"triangle-list\" style=\"margin-top: -0px;\">\n<li>automate repetitive tasks<\/li>\n<li>accelerate data processing<\/li>\n<li>enhance decision-making<\/li>\n<li>optimize internal or customer-facing processes<\/li>\n<\/ul>\n<p><\/p>\n<p style=\"padding-top: 30px;\">Each integration is tailored to your objectives, tools, and operational constraints.<\/p>\n<p>[\/et_pb_text][\/et_pb_column][et_pb_column type=&#8221;1_2&#8243; _builder_version=&#8221;4.27.0&#8243; _module_preset=&#8221;default&#8221; global_colors_info=&#8221;{}&#8221;][et_pb_text admin_label=&#8221;Optimisation du r\u00e9f\u00e9rencement pour les intelligences artificielles (AEO \/ IA Search)&#8221; _builder_version=&#8221;4.27.5&#8243; _module_preset=&#8221;default&#8221; header_4_text_color=&#8221;#44a8c6&#8243; header_4_font_size=&#8221;24px&#8221; header_5_text_color=&#8221;#F46C16&#8243; header_5_font_size=&#8221;20px&#8221; custom_margin=&#8221;0px||0px||false|false&#8221; custom_padding=&#8221;0px||0px|30px|true|&#8221; custom_padding_tablet=&#8221;|||0px|true|false&#8221; custom_padding_phone=&#8221;|||0px|true|false&#8221; custom_padding_last_edited=&#8221;on|tablet&#8221; global_colors_info=&#8221;{}&#8221;]<\/p>\n<h4 style=\"margin-bottom: -20px;\"><strong>Search Optimization for Artificial Intelligence (AEO \/ AI Search)<\/strong><\/h4>\n<p><\/p>\n<h5 style=\"margin-bottom: 20px;\">Search engines are evolving. Artificial intelligence is too.<\/h5>\n<p><\/p>\n<p><strong>Acxcom optimizes your content and website structure so they are:<\/strong><\/p>\n<p><\/p>\n<ul class=\"triangle-list\" style=\"margin-top: -0px;\">\n<li>better understood by AI engines and intelligent assistants<\/li>\n<li>usable within AI-generated responses<\/li>\n<li>aligned with new ways people search for and consume information<\/li>\n<\/ul>\n<p><\/p>\n<p><span style=\"font-size: 20px;\">This optimization goes beyond traditional SEO, positioning your business as a reliable and well-structured source for AI-assisted search experiences.<\/span> <\/p>\n<p>[\/et_pb_text][et_pb_image src=&#8221;https:\/\/acxcom.com\/wp-content\/uploads\/2024\/09\/white-line.svg&#8221; title_text=&#8221;white-line&#8221; align=&#8221;center&#8221; force_fullwidth=&#8221;on&#8221; _builder_version=&#8221;4.27.0&#8243; _module_preset=&#8221;default&#8221; custom_margin=&#8221;40px||21px||false|false&#8221; global_colors_info=&#8221;{}&#8221;][\/et_pb_image][et_pb_text admin_label=&#8221;Une expertise humaine pour encadrer la technologie&#8221; _builder_version=&#8221;4.27.5&#8243; _module_preset=&#8221;default&#8221; header_4_text_color=&#8221;#44a8c6&#8243; header_4_font_size=&#8221;24px&#8221; header_5_text_color=&#8221;#F46C16&#8243; header_5_font_size=&#8221;20px&#8221; custom_margin=&#8221;0px||0px||false|false&#8221; custom_padding=&#8221;0px||0px|30px|true|&#8221; custom_padding_tablet=&#8221;|||0px|true|false&#8221; custom_padding_phone=&#8221;|||0px|true|false&#8221; custom_padding_last_edited=&#8221;on|tablet&#8221; global_colors_info=&#8221;{}&#8221;]<\/p>\n<h4 style=\"margin-bottom: -20px;\"><strong>Human Expertise to Guide Technology<\/strong><\/h4>\n<p><\/p>\n<h5 style=\"margin-bottom: 20px;\">AI does not replace strategy \u2014 it amplifies it when used properly.<\/h5>\n<p><\/p>\n<p><strong>For over 15 years, Acxcom has been operating at the forefront of web technologies. Our strength lies in our ability to:<\/strong><\/p>\n<p><\/p>\n<ul class=\"triangle-list\" style=\"margin-top: -0px;\">\n<li>understand the real challenges faced by SMEs<\/li>\n<li>identify the most relevant and effective uses of AI<\/li>\n<li>oversee deployments in a secure and responsible manner<\/li>\n<li>deliver measurable and sustainable results<\/li>\n<\/ul>\n<p><\/p>\n<p style=\"padding-top: 30px;\">You benefit from powerful technology without losing control or becoming blindly dependent on automated tools.<\/p>\n<p>[\/et_pb_text][et_pb_image src=&#8221;https:\/\/acxcom.com\/wp-content\/uploads\/2024\/09\/white-line.svg&#8221; title_text=&#8221;white-line&#8221; align=&#8221;center&#8221; force_fullwidth=&#8221;on&#8221; _builder_version=&#8221;4.27.0&#8243; _module_preset=&#8221;default&#8221; custom_margin=&#8221;45px||21px||false|false&#8221; global_colors_info=&#8221;{}&#8221;][\/et_pb_image][et_pb_text admin_label=&#8221;Des services compl\u00e9mentaires pour une performance globale&#8221; _builder_version=&#8221;4.27.5&#8243; _module_preset=&#8221;default&#8221; header_4_text_color=&#8221;#44a8c6&#8243; header_4_font_size=&#8221;24px&#8221; header_5_text_color=&#8221;#F46C16&#8243; header_5_font_size=&#8221;20px&#8221; custom_margin=&#8221;0px||0px||false|false&#8221; custom_padding=&#8221;0px||0px|30px|true|&#8221; custom_padding_tablet=&#8221;|||0px|true|false&#8221; custom_padding_phone=&#8221;|||0px|true|false&#8221; custom_padding_last_edited=&#8221;on|tablet&#8221; global_colors_info=&#8221;{}&#8221;]<\/p>\n<h4 style=\"margin-bottom: -20px;\"><strong>Complementary Services for Comprehensive Performance<\/strong><\/h4>\n<p><\/p>\n<h5 style=\"margin-bottom: 20px;\">AI optimization rarely stands alone<\/h5>\n<p><\/p>\n<p><strong>Acxcom also supports you with:<\/strong><\/p>\n<p><\/p>\n<ul class=\"triangle-list\" style=\"margin-top: -0px;\">\n<li>website design and optimization<\/li>\n<li>secure web hosting<\/li>\n<li>maintenance and technical support<\/li>\n<li>digital marketing and growth strategy<\/li>\n<li>content creation and optimization<\/li>\n<\/ul>\n<p><\/p>\n<p style=\"padding-top: 30px;\">A cohesive, centralized, and results-driven approach.<\/p>\n<p>[\/et_pb_text][\/et_pb_column][\/et_pb_row][\/et_pb_section][et_pb_section fb_built=&#8221;1&#8243; _builder_version=&#8221;4.27.5&#8243; _module_preset=&#8221;default&#8221; background_color=&#8221;#2A2A2A&#8221; use_background_color_gradient=&#8221;on&#8221; background_color_gradient_direction=&#8221;0deg&#8221; background_color_gradient_stops=&#8221;#3c3c3c 0%|#403f3f 100%&#8221; custom_margin=&#8221;||-1px||false|false&#8221; custom_padding=&#8221;100px||100px|||&#8221; top_divider_color=&#8221;#151415&#8243; global_colors_info=&#8221;{}&#8221;][et_pb_row _builder_version=&#8221;4.27.4&#8243; _module_preset=&#8221;default&#8221; width=&#8221;60%&#8221; width_tablet=&#8221;80%&#8221; width_phone=&#8221;90%&#8221; width_last_edited=&#8221;on|phone&#8221; global_colors_info=&#8221;{}&#8221;][et_pb_column type=&#8221;4_4&#8243; _builder_version=&#8221;4.27.0&#8243; _module_preset=&#8221;default&#8221; global_colors_info=&#8221;{}&#8221;][et_pb_text admin_label=&#8221;Pr\u00eat \u00e0 int\u00e9grer l\u2019IA de fa\u00e7on intelligente et ma\u00eetris\u00e9e ?&#8221; _builder_version=&#8221;4.27.5&#8243; _module_preset=&#8221;default&#8221; header_4_text_align=&#8221;center&#8221; header_4_font_size=&#8221;24px&#8221; custom_padding=&#8221;||||false|false&#8221; global_colors_info=&#8221;{}&#8221;]<\/p>\n<h4><strong>Ready to integrate AI in a smart and controlled way?<\/strong><\/h4>\n<p><\/p>\n<h4>Get in touch with us to discuss your goals and identify the AI solutions truly suited to your business.<\/h4>\n<p>[\/et_pb_text][et_pb_button button_url=&#8221;\/a-propos-de-acxcom\/#notre-equipe&#8221; button_text=&#8221;Contact us&#8221; button_alignment=&#8221;center&#8221; admin_label=&#8221;Bouton &#8211; Contactez-nous&#8221; module_class=&#8221;acx-center-btn&#8221; _builder_version=&#8221;4.27.5&#8243; _module_preset=&#8221;default&#8221; custom_button=&#8221;on&#8221; button_bg_color=&#8221;RGBA(255,255,255,0)&#8221; button_bg_enable_image=&#8221;off&#8221; custom_margin=&#8221;30px||||false|false&#8221; custom_css_free_form=&#8221;a.et_pb_button {||display: flex;||align-items: center;||justify-content: center;||}||.et_pb_button_module_wrapper.et_pb_button_alignment_center.et_pb_module {||    display: flex;||    justify-content: center;||}&#8221; global_colors_info=&#8221;{}&#8221; custom_css_main_element_last_edited=&#8221;on|phone&#8221; custom_css_main_element_phone=&#8221;width:100%;||white-space: normal;||text-align:center;&#8221; custom_css_main_element_tablet=&#8221;width:100%;||white-space: normal;||text-align:center;&#8221;][\/et_pb_button][\/et_pb_column][\/et_pb_row][\/et_pb_section]<\/p>\n","protected":false},"excerpt":{"rendered":"<p>AI Solutions and Intelligent IntegrationArtificial intelligence at the service of your performanceConcrete solutions to automate, optimize, and improve conversions in a structured way.Looking to leverage artificial intelligence without unnecessary complexity or risk? Acxcom supports SMEs in the integration and optimization of AI solutions tailored to their business realities, transforming advanced technologies into concrete drivers of [&hellip;]<\/p>\n","protected":false},"author":2,"featured_media":0,"parent":0,"menu_order":0,"comment_status":"closed","ping_status":"closed","template":"","meta":{"_et_pb_use_builder":"on","_et_pb_old_content":"","_et_gb_content_width":"","footnotes":""},"class_list":["post-10543","page","type-page","status-publish","hentry"],"_links":{"self":[{"href":"https:\/\/acxcom.com\/en\/wp-json\/wp\/v2\/pages\/10543","targetHints":{"allow":["GET"]}}],"collection":[{"href":"https:\/\/acxcom.com\/en\/wp-json\/wp\/v2\/pages"}],"about":[{"href":"https:\/\/acxcom.com\/en\/wp-json\/wp\/v2\/types\/page"}],"author":[{"embeddable":true,"href":"https:\/\/acxcom.com\/en\/wp-json\/wp\/v2\/users\/2"}],"replies":[{"embeddable":true,"href":"https:\/\/acxcom.com\/en\/wp-json\/wp\/v2\/comments?post=10543"}],"version-history":[{"count":4,"href":"https:\/\/acxcom.com\/en\/wp-json\/wp\/v2\/pages\/10543\/revisions"}],"predecessor-version":[{"id":10547,"href":"https:\/\/acxcom.com\/en\/wp-json\/wp\/v2\/pages\/10543\/revisions\/10547"}],"wp:attachment":[{"href":"https:\/\/acxcom.com\/en\/wp-json\/wp\/v2\/media?parent=10543"}],"curies":[{"name":"wp","href":"https:\/\/api.w.org\/{rel}","templated":true}]}}