{"id":7729,"date":"2024-11-06T11:24:35","date_gmt":"2024-11-06T16:24:35","guid":{"rendered":"https:\/\/acxcom.com\/custom-web-programming\/"},"modified":"2026-01-29T14:30:47","modified_gmt":"2026-01-29T19:30:47","slug":"custom-web-programming","status":"publish","type":"page","link":"https:\/\/acxcom.com\/en\/custom-web-programming\/","title":{"rendered":"Custom Web Programming"},"content":{"rendered":"<p>[et_pb_section fb_built=&#8221;1&#8243; module_class=&#8221;acx-section-1&#8243; _builder_version=&#8221;4.27.2&#8243; _module_preset=&#8221;default&#8221; background_color=&#8221;#333333&#8243; custom_padding=&#8221;0px||||false|false&#8221; global_colors_info=&#8221;{}&#8221;][et_pb_row module_class=&#8221;acx-banner&#8221; _builder_version=&#8221;4.27.2&#8243; _module_preset=&#8221;default&#8221; background_image=&#8221;https:\/\/acxcom.com\/wp-content\/uploads\/2024\/09\/Banners-coding-2.png&#8221; background_position=&#8221;center_left&#8221; width=&#8221;100%&#8221; max_width=&#8221;100%&#8221; module_alignment=&#8221;center&#8221; height=&#8221;175px&#8221; custom_margin=&#8221;||||false|false&#8221; custom_css_main_element=&#8221;display:flex;||align-items:center;&#8221; global_colors_info=&#8221;{}&#8221;][et_pb_column type=&#8221;4_4&#8243; _builder_version=&#8221;4.27.0&#8243; _module_preset=&#8221;default&#8221; global_colors_info=&#8221;{}&#8221;][et_pb_text admin_label=&#8221;Vos id\u00e9es, notre expertise\u2026 Cr\u00e9ons ensemble la meilleure solution&#8221; _builder_version=&#8221;4.27.2&#8243; _module_preset=&#8221;default&#8221; text_text_color=&#8221;#F46C16&#8243; text_font_size=&#8221;17px&#8221; header_3_font=&#8221;&#8211;et_global_heading_font|600|||||||&#8221; header_3_font_size=&#8221;30px&#8221; custom_margin=&#8221;|5%||5%|false|true&#8221; custom_margin_tablet=&#8221;|5%||5%|false|true&#8221; custom_margin_phone=&#8221;|10%||10%|false|true&#8221; custom_margin_last_edited=&#8221;on|phone&#8221; global_colors_info=&#8221;{}&#8221;]<\/p>\n<h1 style=\"font-size: 17px; color: #f46c16;\">Custom web development, within your reach<\/h1>\n<p><\/p>\n<h3>Your ideas, our expertise\u2026<br \/>Let\u2019s create the best solution together<\/h3>\n<p>[\/et_pb_text][\/et_pb_column][\/et_pb_row][et_pb_row _builder_version=&#8221;4.27.2&#8243; _module_preset=&#8221;default&#8221; width=&#8221;90%&#8221; max_width=&#8221;90%&#8221; max_width_tablet=&#8221;90%&#8221; max_width_phone=&#8221;80%&#8221; max_width_last_edited=&#8221;on|phone&#8221; global_colors_info=&#8221;{}&#8221;][et_pb_column type=&#8221;4_4&#8243; _builder_version=&#8221;4.27.0&#8243; _module_preset=&#8221;default&#8221; global_colors_info=&#8221;{}&#8221;][et_pb_text admin_label=&#8221;Une approche terre \u00e0 terre, pour vous aider \u00e0 relever vos d\u00e9fis de fonctionnalit\u00e9 num\u00e9rique efficacement et rapidement.&#8221; module_class=&#8221;acx-module-hdp&#8221; _builder_version=&#8221;4.27.2&#8243; _module_preset=&#8221;default&#8221; text_font=&#8221;|600|||||||&#8221; text_font_size=&#8221;16px&#8221; header_text_align=&#8221;left&#8221; header_font_size=&#8221;50px&#8221; header_2_font=&#8221;&#8211;et_global_heading_font|300|||||||&#8221; header_2_text_align=&#8221;left&#8221; header_2_font_size=&#8221;32px&#8221; text_orientation=&#8221;center&#8221; custom_padding=&#8221;0px||||false|false&#8221; global_colors_info=&#8221;{}&#8221;]<\/p>\n<h2>A practical approach to help you tackle your digital functionality challenges efficiently and quickly.<\/h2>\n<p>[\/et_pb_text][et_pb_image src=&#8221;https:\/\/acxcom.com\/wp-content\/uploads\/2024\/09\/white-line.svg&#8221; title_text=&#8221;white-line&#8221; align=&#8221;center&#8221; force_fullwidth=&#8221;on&#8221; _builder_version=&#8221;4.27.0&#8243; _module_preset=&#8221;default&#8221; custom_margin=&#8221;20px||-2px||false|false&#8221; global_colors_info=&#8221;{}&#8221;][\/et_pb_image][\/et_pb_column][\/et_pb_row][et_pb_row column_structure=&#8221;3_5,2_5&#8243; _builder_version=&#8221;4.27.2&#8243; _module_preset=&#8221;default&#8221; width=&#8221;90%&#8221; max_width=&#8221;90%&#8221; max_width_tablet=&#8221;90%&#8221; max_width_phone=&#8221;80%&#8221; max_width_last_edited=&#8221;on|phone&#8221; custom_padding=&#8221;0px|||||&#8221; global_colors_info=&#8221;{}&#8221;][et_pb_column type=&#8221;3_5&#8243; _builder_version=&#8221;4.27.0&#8243; _module_preset=&#8221;default&#8221; global_colors_info=&#8221;{}&#8221;][et_pb_text admin_label=&#8221;Les solutions les plus simples et les moins couteuses&#8230;&#8221; _builder_version=&#8221;4.27.2&#8243; _module_preset=&#8221;default&#8221; custom_margin=&#8221;0px||0px||false|false&#8221; custom_padding=&#8221;30px||30px||true|&#8221; global_colors_info=&#8221;{}&#8221;]<\/p>\n<p>The simplest and most cost-effective solutions are often the ones not immediately apparent. At Acxcom, these are exactly the types of solutions we most frequently offer our clients. Minimalism and transparency are at the heart of our discussions, to meet your expectations while keeping your site efficient.<\/p>\n<p><\/p>\n<p>Here are some examples of applications and features we can create for you:<\/p>\n<p><\/p>\n<ul class=\"triangle-list\">\n<li>Activity calendar<\/li>\n<li>Booking module<\/li>\n<li>Appointment scheduling<\/li>\n<li>Ticketing system<\/li>\n<li>API<\/li>\n<li>Chatbot (virtual assistant)<\/li>\n<li>Replacing outdated or unsuitable plugins with a more efficient application or feature<\/li>\n<\/ul>\n<p><\/p>\n<p>&nbsp;<\/p>\n<p><\/p>\n<p>&nbsp;<\/p>\n<p><\/p>\n<p>Contact us for a meeting with one of our custom web development experts.<\/p>\n<p>[\/et_pb_text][et_pb_button button_url=&#8221;https:\/\/acxcom.com\/en\/contact\/#creer-site&#8221; button_text=&#8221;Get in contact with us&#8221; button_alignment=&#8221;left&#8221; button_alignment_tablet=&#8221;center&#8221; button_alignment_phone=&#8221;center&#8221; button_alignment_last_edited=&#8221;on|tablet&#8221; admin_label=&#8221;Bouton &#8211; Entrez en contact&#8221; _builder_version=&#8221;4.27.2&#8243; _module_preset=&#8221;default&#8221; custom_button=&#8221;on&#8221; button_bg_color=&#8221;RGBA(255,255,255,0)&#8221; button_bg_enable_image=&#8221;off&#8221; custom_margin=&#8221;27px||40px||false|false&#8221; custom_padding=&#8221;||||false|false&#8221; custom_css_free_form=&#8221;a.et_pb_button {||display: flex;||align-items: center;||justify-content: center;||}&#8221; global_colors_info=&#8221;{}&#8221; custom_css_main_element_last_edited=&#8221;on|phone&#8221; custom_css_main_element_tablet=&#8221;width:100%;||white-space: normal;||text-align:center;&#8221; custom_css_main_element_phone=&#8221;width:100%;||white-space: normal;||text-align:center;&#8221;][\/et_pb_button][\/et_pb_column][et_pb_column type=&#8221;2_5&#8243; _builder_version=&#8221;4.27.0&#8243; _module_preset=&#8221;default&#8221; global_colors_info=&#8221;{}&#8221;][et_pb_image src=&#8221;https:\/\/acxcom.com\/wp-content\/uploads\/2024\/09\/it-programmeur-2.png&#8221; alt=&#8221;Website support &#8211; custom web development &#8211; Acxcom &#8211; WordPress website&#8221; title_text=&#8221;it-programmeur-2&#8243; _builder_version=&#8221;4.27.2&#8243; _module_preset=&#8221;default&#8221; global_colors_info=&#8221;{}&#8221;][\/et_pb_image][\/et_pb_column][\/et_pb_row][\/et_pb_section][et_pb_section fb_built=&#8221;1&#8243; _builder_version=&#8221;4.27.0&#8243; _module_preset=&#8221;default&#8221; background_color=&#8221;#403F3F&#8221; background_image=&#8221;https:\/\/acxcom.com\/wp-content\/uploads\/2024\/09\/cubes-bg.png&#8221; parallax=&#8221;on&#8221; custom_padding=&#8221;0%||0px||false|false&#8221; custom_css_main_element=&#8221;background-image:URL(&#8216;https:\/\/acxcom.com\/wp-content\/uploads\/2024\/09\/overlay-diagonales-bg.png&#8217;)!important;||background-size:cover;&#8221; global_colors_info=&#8221;{}&#8221;][et_pb_row _builder_version=&#8221;4.27.2&#8243; _module_preset=&#8221;default&#8221; background_image=&#8221;https:\/\/acxcom.com\/wp-content\/uploads\/2024\/09\/overlay-diagonales-bg.png&#8221; background_position=&#8221;center_left&#8221; width=&#8221;100%&#8221; max_width=&#8221;100%&#8221; custom_padding=&#8221;70px||80px||false|false&#8221; global_colors_info=&#8221;{}&#8221;][et_pb_column type=&#8221;4_4&#8243; _builder_version=&#8221;4.27.0&#8243; _module_preset=&#8221;default&#8221; global_colors_info=&#8221;{}&#8221;][et_pb_text admin_label=&#8221;Des programmeurs polyvalents, minutieux et exp\u00e9riment\u00e9s&#8221; _builder_version=&#8221;4.27.2&#8243; _module_preset=&#8221;default&#8221; text_font=&#8221;|600|||||||&#8221; text_font_size=&#8221;16px&#8221; header_text_align=&#8221;left&#8221; header_font_size=&#8221;50px&#8221; header_2_font=&#8221;&#8211;et_global_heading_font|300|||||||&#8221; header_2_text_align=&#8221;left&#8221; header_2_font_size=&#8221;32px&#8221; text_orientation=&#8221;center&#8221; custom_padding=&#8221;0px|15%||5%|false|false&#8221; custom_padding_tablet=&#8221;|5%|||false|false&#8221; custom_padding_phone=&#8221;|10%||10%|false|true&#8221; custom_padding_last_edited=&#8221;on|tablet&#8221; global_colors_info=&#8221;{}&#8221;]<\/p>\n<h2>Versatile, Meticulous, and Experienced Programmers<\/h2>\n<p>[\/et_pb_text][et_pb_image src=&#8221;https:\/\/acxcom.com\/wp-content\/uploads\/2024\/09\/white-line.svg&#8221; title_text=&#8221;white-line&#8221; align=&#8221;center&#8221; force_fullwidth=&#8221;on&#8221; _builder_version=&#8221;4.27.4&#8243; _module_preset=&#8221;default&#8221; custom_margin=&#8221;20px||-2px||false|false&#8221; custom_padding=&#8221;|49%||5%|false|false&#8221; custom_padding_tablet=&#8221;|5%|||false|false&#8221; custom_padding_phone=&#8221;|10%||10%|false|true&#8221; custom_padding_last_edited=&#8221;on|tablet&#8221; global_colors_info=&#8221;{}&#8221;][\/et_pb_image][et_pb_text admin_label=&#8221;Forte de ses nombreuses ann\u00e9es d\u2019exp\u00e9rience&#8230;&#8221; _builder_version=&#8221;4.27.2&#8243; _module_preset=&#8221;default&#8221; custom_padding=&#8221;30px|46.2%||5%|false|false&#8221; custom_padding_tablet=&#8221;|5%|||false|false&#8221; custom_padding_phone=&#8221;|10%||10%|false|true&#8221; custom_padding_last_edited=&#8221;on|tablet&#8221; global_colors_info=&#8221;{}&#8221;]<\/p>\n<p>With many years of experience in various projects involving web programming, in WordPress and other platforms, our team of programmers can solve many challenges, big and small.<\/p>\n<p>[\/et_pb_text][\/et_pb_column][\/et_pb_row][\/et_pb_section][et_pb_section fb_built=&#8221;1&#8243; _builder_version=&#8221;4.27.2&#8243; _module_preset=&#8221;default&#8221; background_color=&#8221;#3d3d3d&#8221; custom_padding=&#8221;60px||||false|false&#8221; bottom_divider_style=&#8221;arrow3&#8243; bottom_divider_color=&#8221;#2a2a2a&#8221; global_colors_info=&#8221;{}&#8221;][et_pb_row _builder_version=&#8221;4.27.4&#8243; _module_preset=&#8221;default&#8221; width=&#8221;60%&#8221; width_tablet=&#8221;80%&#8221; width_phone=&#8221;90%&#8221; width_last_edited=&#8221;on|phone&#8221; max_width=&#8221;90%&#8221; max_width_tablet=&#8221;90%&#8221; max_width_phone=&#8221;80%&#8221; max_width_last_edited=&#8221;on|phone&#8221; custom_padding=&#8221;0px|||||&#8221; global_colors_info=&#8221;{}&#8221;][et_pb_column type=&#8221;4_4&#8243; _builder_version=&#8221;4.27.0&#8243; _module_preset=&#8221;default&#8221; global_colors_info=&#8221;{}&#8221;][et_pb_text admin_label=&#8221;Partenaire de confiance, pour tous vos projets num\u00e9riques&#8221; _builder_version=&#8221;4.27.0&#8243; _module_preset=&#8221;default&#8221; text_font=&#8221;|600|||||||&#8221; text_font_size=&#8221;16px&#8221; header_text_align=&#8221;left&#8221; header_font_size=&#8221;50px&#8221; header_2_font=&#8221;&#8211;et_global_heading_font|300|||||||&#8221; header_2_text_align=&#8221;left&#8221; header_2_font_size=&#8221;32px&#8221; text_orientation=&#8221;center&#8221; custom_padding=&#8221;||||false|false&#8221; global_colors_info=&#8221;{}&#8221;]<\/p>\n<h2>A Trusted Partner for All Your Digital Projects<\/h2>\n<p>[\/et_pb_text][et_pb_image src=&#8221;https:\/\/acxcom.com\/wp-content\/uploads\/2024\/09\/white-line.svg&#8221; title_text=&#8221;white-line&#8221; align=&#8221;center&#8221; force_fullwidth=&#8221;on&#8221; _builder_version=&#8221;4.27.0&#8243; _module_preset=&#8221;default&#8221; custom_margin=&#8221;20px||2px||false|false&#8221; global_colors_info=&#8221;{}&#8221;][\/et_pb_image][et_pb_text admin_label=&#8221;Vous avez d\u2019autres types de projets web&#8230;&#8221; _builder_version=&#8221;4.27.2&#8243; _module_preset=&#8221;default&#8221; custom_margin=&#8221;-9px||-15px|||&#8221; custom_padding=&#8221;30px||30px||true|&#8221; global_colors_info=&#8221;{}&#8221;]Do you have other types of web projects in mind? Need a helping hand with marketing? Discover our other services such as <strong><a href=\"https:\/\/acxcom.com\/en\/web-copywriting\/\">web copywriting<\/a><\/strong>, <strong><a href=\"https:\/\/acxcom.com\/en\/optimized-content-writing\/\">content creation<\/a><\/strong>, <strong><a href=\"https:\/\/acxcom.com\/en\/paid-campaign\/\">paid campaigns<\/a><\/strong>, and <strong><a href=\"https:\/\/acxcom.com\/en\/social-media-management\/\">social media management<\/a><\/strong>. Does your website need more frequent updates or better security? Access our <strong><a href=\"https:\/\/acxcom.com\/en\/montreal-web-hosting\/\">secure web hosting<\/a><\/strong> and <strong><a href=\"https:\/\/acxcom.com\/en\/website-support\/\">technical support<\/a><\/strong> services.[\/et_pb_text][\/et_pb_column][\/et_pb_row][et_pb_row use_custom_gutter=&#8221;on&#8221; _builder_version=&#8221;4.27.0&#8243; _module_preset=&#8221;default&#8221; background_enable_color=&#8221;off&#8221; width=&#8221;100%&#8221; max_width=&#8221;100%&#8221; custom_padding=&#8221;0px|5%||5%|false|true&#8221; custom_css_main_element=&#8221;display:flex;||align-items:center;&#8221; global_colors_info=&#8221;{}&#8221;][et_pb_column type=&#8221;4_4&#8243; _builder_version=&#8221;4.27.0&#8243; _module_preset=&#8221;default&#8221; global_colors_info=&#8221;{}&#8221;][et_pb_button button_url=&#8221;@ET-DC@eyJkeW5hbWljIjp0cnVlLCJjb250ZW50IjoicG9zdF9saW5rX3VybF9wYWdlIiwic2V0dGluZ3MiOnsicG9zdF9pZCI6IjUyODUifX0=@&#8221; button_text=&#8221;Discover our Projects&#8221; button_alignment=&#8221;center&#8221; disabled_on=&#8221;on|on|on&#8221; admin_label=&#8221;Bouton &#8211; D\u00e9couvrez nos r\u00e9alisations&#8221; _builder_version=&#8221;4.27.2&#8243; _dynamic_attributes=&#8221;button_url&#8221; _module_preset=&#8221;default&#8221; custom_button=&#8221;on&#8221; button_bg_color=&#8221;RGBA(255,255,255,0)&#8221; button_bg_enable_image=&#8221;off&#8221; custom_margin=&#8221;27px||40px||false|false&#8221; custom_padding=&#8221;||||false|false&#8221; custom_css_main_element=&#8221;height: 58px;||display:inline-block;||float:left;&#8221; custom_css_free_form=&#8221;a.et_pb_button {||display: flex;||align-items: center;||justify-content: center;||}&#8221; disabled=&#8221;on&#8221; global_colors_info=&#8221;{}&#8221;][\/et_pb_button][\/et_pb_column][\/et_pb_row][\/et_pb_section][et_pb_section fb_built=&#8221;1&#8243; _builder_version=&#8221;4.27.0&#8243; _module_preset=&#8221;default&#8221; background_color=&#8221;#2A2A2A&#8221; global_colors_info=&#8221;{}&#8221;][et_pb_row custom_padding_last_edited=&#8221;on|tablet&#8221; module_class=&#8221;acx-cta-bdp&#8221; _builder_version=&#8221;4.27.5&#8243; _module_preset=&#8221;default&#8221; background_image=&#8221;https:\/\/acxcom.com\/wp-content\/uploads\/2024\/10\/cta-tissue-floor-pattern.png&#8221; custom_padding=&#8221;50px||50px||true|false&#8221; custom_padding_tablet=&#8221;0px||0px||true|false&#8221; custom_padding_phone=&#8221;0px||0px||true|false&#8221; hover_enabled=&#8221;0&#8243; global_colors_info=&#8221;{}&#8221; width_last_edited=&#8221;on|phone&#8221; width_phone=&#8221;100%&#8221; sticky_enabled=&#8221;0&#8243;][et_pb_column type=&#8221;4_4&#8243; _builder_version=&#8221;4.27.0&#8243; _module_preset=&#8221;default&#8221; global_colors_info=&#8221;{}&#8221;][et_pb_text content_tablet=&#8221;<\/p>\n<div style=%22display: flex; flex-direction: column; align-items: center;%22>\n<h3 style=%22padding-bottom: 20px;%22>Technical Prowess<br \/>in Digital Mode<\/h3>\n<div class=%22et_pb_button acx-cta-btn%22 style=%22background-color: #fff0;%22><a href=%22https:\/\/acxcom.com\/en\/contact\/#creer-site%22>Browse Our Latest Interactive Projects<\/a><\/div>\n<\/div>\n<p>&#8221; content_phone=&#8221;<\/p>\n<div style=%22display: flex; flex-direction: column; align-items: center;%22>\n<h3 style=%22padding-bottom: 20px;%22>Technical Prowess<br \/>in Digital Mode<\/h3>\n<div class=%22et_pb_button acx-cta-btn%22 style=%22background-color: #fff0;%22><a href=%22https:\/\/acxcom.com\/en\/contact\/#creer-site%22>Browse Our Latest Interactive Projects<\/a><\/div>\n<\/div>\n<p>&#8221; content_last_edited=&#8221;on|desktop&#8221; admin_label=&#8221;Des prouesses techniquesen mode num\u00e9rique&#8221; _builder_version=&#8221;4.27.5&#8243; _module_preset=&#8221;default&#8221; header_3_font=&#8221;|600|||||||&#8221; header_3_text_align=&#8221;center&#8221; header_3_text_color=&#8221;#bababa&#8221; header_3_font_size=&#8221;30px&#8221; background_image=&#8221;https:\/\/acxcom.com\/wp-content\/uploads\/2024\/09\/orange-line-dark-background.png&#8221; max_width=&#8221;750px&#8221; module_alignment=&#8221;center&#8221; height=&#8221;330px&#8221; hover_enabled=&#8221;0&#8243; custom_css_main_element=&#8221;display:flex;||align-items:center;||justify-content:center;&#8221; custom_css_free_form=&#8221;.acx-cta-btn {||  cursor: pointer;||  background-color: #232323!important;||  text-align: center;||  margin:20px;||  display:flex;||  align-items:center;||  justify-content:center;||  transition:500ms;||  width:94%;||\twhite-space: normal;||}||.acx-button-container{||  display: flex;||  flex-direction: column;||  align-items: center;  ||}&#8221; global_colors_info=&#8221;{}&#8221; custom_padding_last_edited=&#8221;on|phone&#8221; custom_padding_phone=&#8221;|30px||30px|false|true&#8221; sticky_enabled=&#8221;0&#8243;]<\/p>\n<div class=\"acx-button-container\">\n<h3 style=\"padding-bottom: 20px;\">Technical Prowess<br \/>in Digital Mode<\/h3>\n<div class=\"et_pb_button acx-cta-btn\" style=\"background-color: #fff0;\"><a href=\"https:\/\/acxcom.com\/en\/contact\/#creer-site\">Browse Our Latest Interactive Projects<\/a><\/div>\n<p><\/div>\n<p>[\/et_pb_text][\/et_pb_column][\/et_pb_row][\/et_pb_section][et_pb_section fb_built=&#8221;1&#8243; _builder_version=&#8221;4.27.0&#8243; _module_preset=&#8221;default&#8221; background_color=&#8221;#2A2A2A&#8221; use_background_color_gradient=&#8221;on&#8221; background_color_gradient_direction=&#8221;0deg&#8221; background_color_gradient_stops=&#8221;#3c3c3c 0%|#403f3f 100%&#8221; custom_margin=&#8221;||-1px||false|false&#8221; custom_padding=&#8221;||100px|||&#8221; top_divider_style=&#8221;arrow3&#8243; top_divider_color=&#8221;#2a2a2a&#8221; global_colors_info=&#8221;{}&#8221;][et_pb_row _builder_version=&#8221;4.27.0&#8243; _module_preset=&#8221;default&#8221; global_colors_info=&#8221;{}&#8221;][et_pb_column type=&#8221;4_4&#8243; _builder_version=&#8221;4.27.0&#8243; _module_preset=&#8221;default&#8221; global_colors_info=&#8221;{}&#8221;][et_pb_text admin_label=&#8221;Vous \u00eates pr\u00eats \u00e0 nous parler de votre projet?&#8221; _builder_version=&#8221;4.27.0&#8243; _module_preset=&#8221;default&#8221; header_4_text_align=&#8221;center&#8221; header_4_font_size=&#8221;24px&#8221; custom_padding=&#8221;8.8%||||false|false&#8221; global_colors_info=&#8221;{}&#8221;]<\/p>\n<h4>Are you ready to tell us about your project?<\/h4>\n<p>[\/et_pb_text][et_pb_button button_url=&#8221;https:\/\/acxcom.com\/en\/contact\/#creer-site&#8221; button_text=&#8221;Contact our experts&#8221; button_alignment=&#8221;center&#8221; admin_label=&#8221;Bouton &#8211; Communiquez avec nos experts&#8221; module_class=&#8221;acx-center-btn&#8221; _builder_version=&#8221;4.27.2&#8243; _module_preset=&#8221;default&#8221; custom_button=&#8221;on&#8221; button_bg_color=&#8221;RGBA(255,255,255,0)&#8221; button_bg_enable_image=&#8221;off&#8221; custom_margin=&#8221;30px||||false|false&#8221; custom_css_free_form=&#8221;a.et_pb_button {||display: flex;||align-items: center;||justify-content: center;||}||.et_pb_button_module_wrapper.et_pb_button_alignment_center.et_pb_module {||    display: flex;||    justify-content: center;||}&#8221; global_colors_info=&#8221;{}&#8221; custom_css_main_element_last_edited=&#8221;on|phone&#8221; custom_css_main_element_phone=&#8221;width:100%;||white-space: normal;||text-align:center;&#8221; custom_css_main_element_tablet=&#8221;width:100%;||white-space: normal;||text-align:center;&#8221;][\/et_pb_button][\/et_pb_column][\/et_pb_row][\/et_pb_section]<\/p>\n","protected":false},"excerpt":{"rendered":"<p>Custom web development, within your reachYour ideas, our expertise\u2026Let\u2019s create the best solution togetherA practical approach to help you tackle your digital functionality challenges efficiently and quickly.The simplest and most cost-effective solutions are often the ones not immediately apparent. At Acxcom, these are exactly the types of solutions we most frequently offer our clients. Minimalism [&hellip;]<\/p>\n","protected":false},"author":2,"featured_media":0,"parent":0,"menu_order":40,"comment_status":"closed","ping_status":"closed","template":"","meta":{"_et_pb_use_builder":"on","_et_pb_old_content":"","_et_gb_content_width":"","footnotes":""},"class_list":["post-7729","page","type-page","status-publish","hentry"],"_links":{"self":[{"href":"https:\/\/acxcom.com\/en\/wp-json\/wp\/v2\/pages\/7729","targetHints":{"allow":["GET"]}}],"collection":[{"href":"https:\/\/acxcom.com\/en\/wp-json\/wp\/v2\/pages"}],"about":[{"href":"https:\/\/acxcom.com\/en\/wp-json\/wp\/v2\/types\/page"}],"author":[{"embeddable":true,"href":"https:\/\/acxcom.com\/en\/wp-json\/wp\/v2\/users\/2"}],"replies":[{"embeddable":true,"href":"https:\/\/acxcom.com\/en\/wp-json\/wp\/v2\/comments?post=7729"}],"version-history":[{"count":5,"href":"https:\/\/acxcom.com\/en\/wp-json\/wp\/v2\/pages\/7729\/revisions"}],"predecessor-version":[{"id":10455,"href":"https:\/\/acxcom.com\/en\/wp-json\/wp\/v2\/pages\/7729\/revisions\/10455"}],"wp:attachment":[{"href":"https:\/\/acxcom.com\/en\/wp-json\/wp\/v2\/media?parent=7729"}],"curies":[{"name":"wp","href":"https:\/\/api.w.org\/{rel}","templated":true}]}}