{"id":7735,"date":"2024-11-06T11:54:38","date_gmt":"2024-11-06T16:54:38","guid":{"rendered":"https:\/\/acxcom.com\/branding\/"},"modified":"2025-12-10T16:45:51","modified_gmt":"2025-12-10T21:45:51","slug":"branding","status":"publish","type":"page","link":"https:\/\/acxcom.com\/en\/branding\/","title":{"rendered":"Branding"},"content":{"rendered":"<p>[et_pb_section fb_built=&#8221;1&#8243; module_class=&#8221;acx-section-1&#8243; _builder_version=&#8221;4.27.2&#8243; _module_preset=&#8221;default&#8221; background_color=&#8221;#383838&#8243; custom_padding=&#8221;0px||||false|false&#8221; global_colors_info=&#8221;{}&#8221;][et_pb_row module_class=&#8221;acx-banner&#8221; _builder_version=&#8221;4.27.2&#8243; _module_preset=&#8221;default&#8221; background_image=&#8221;https:\/\/acxcom.com\/wp-content\/uploads\/2024\/09\/Banners-identity.png&#8221; background_position=&#8221;center_left&#8221; width=&#8221;100%&#8221; max_width=&#8221;100%&#8221; module_alignment=&#8221;center&#8221; height=&#8221;175px&#8221; custom_margin=&#8221;||||false|false&#8221; custom_css_main_element=&#8221;display:flex;||align-items:center;&#8221; global_colors_info=&#8221;{}&#8221;][et_pb_column type=&#8221;4_4&#8243; _builder_version=&#8221;4.27.0&#8243; _module_preset=&#8221;default&#8221; global_colors_info=&#8221;{}&#8221;][et_pb_text admin_label=&#8221;Branding et image de marque | Une identit\u00e9 de marque qui s\u2019affirme&#8221; _builder_version=&#8221;4.27.2&#8243; _module_preset=&#8221;default&#8221; text_text_color=&#8221;#F46C16&#8243; text_font_size=&#8221;17px&#8221; header_3_font=&#8221;&#8211;et_global_heading_font|600|||||||&#8221; header_3_font_size=&#8221;30px&#8221; custom_margin=&#8221;|5%||5%|false|true&#8221; custom_margin_tablet=&#8221;|5%||5%|false|true&#8221; custom_margin_phone=&#8221;|10%||10%|false|true&#8221; custom_margin_last_edited=&#8221;on|phone&#8221; global_colors_info=&#8221;{}&#8221;]<\/p>\n<h1 style=\"font-size: 17px; color: #f46c16;\">Branding and Brand Image<\/h1>\n<p><\/p>\n<h3><strong>A Brand Identity That Stands Out<\/strong><\/h3>\n<p>[\/et_pb_text][\/et_pb_column][\/et_pb_row][et_pb_row _builder_version=&#8221;4.27.2&#8243; _module_preset=&#8221;default&#8221; width=&#8221;90%&#8221; max_width=&#8221;90%&#8221; max_width_tablet=&#8221;90%&#8221; max_width_phone=&#8221;80%&#8221; max_width_last_edited=&#8221;on|phone&#8221; global_colors_info=&#8221;{}&#8221;][et_pb_column type=&#8221;4_4&#8243; _builder_version=&#8221;4.27.0&#8243; _module_preset=&#8221;default&#8221; global_colors_info=&#8221;{}&#8221;][et_pb_text admin_label=&#8221;Notre cr\u00e9ativit\u00e9 \u00e0 votre service&#8221; module_class=&#8221;acx-module-hdp&#8221; _builder_version=&#8221;4.27.2&#8243; _module_preset=&#8221;default&#8221; text_font=&#8221;|600|||||||&#8221; text_font_size=&#8221;16px&#8221; header_text_align=&#8221;left&#8221; header_font_size=&#8221;50px&#8221; header_2_font=&#8221;&#8211;et_global_heading_font|300|||||||&#8221; header_2_text_align=&#8221;left&#8221; header_2_font_size=&#8221;32px&#8221; text_orientation=&#8221;center&#8221; custom_padding=&#8221;0px||||false|false&#8221; global_colors_info=&#8221;{}&#8221;]<\/p>\n<h2>Our Creativity at Your Service<\/h2>\n<p>[\/et_pb_text][et_pb_image src=&#8221;https:\/\/acxcom.com\/wp-content\/uploads\/2024\/09\/white-line.svg&#8221; title_text=&#8221;white-line&#8221; align=&#8221;center&#8221; force_fullwidth=&#8221;on&#8221; _builder_version=&#8221;4.27.0&#8243; _module_preset=&#8221;default&#8221; custom_margin=&#8221;20px||-2px||false|false&#8221; global_colors_info=&#8221;{}&#8221;][\/et_pb_image][\/et_pb_column][\/et_pb_row][et_pb_row column_structure=&#8221;3_5,2_5&#8243; _builder_version=&#8221;4.27.2&#8243; _module_preset=&#8221;default&#8221; width=&#8221;90%&#8221; max_width=&#8221;90%&#8221; max_width_tablet=&#8221;90%&#8221; max_width_phone=&#8221;80%&#8221; max_width_last_edited=&#8221;on|phone&#8221; global_colors_info=&#8221;{}&#8221;][et_pb_column type=&#8221;3_5&#8243; _builder_version=&#8221;4.27.0&#8243; _module_preset=&#8221;default&#8221; global_colors_info=&#8221;{}&#8221;][et_pb_text admin_label=&#8221;Vous souhaitez donner une nouvelle dimension&#8230;&#8221; _builder_version=&#8221;4.27.2&#8243; _module_preset=&#8221;default&#8221; custom_margin=&#8221;0px||0px||false|false&#8221; custom_padding=&#8221;30px||30px||true|&#8221; global_colors_info=&#8221;{}&#8221;]<\/p>\n<p>Do you want to take your business to the next level? Our agency helps you create a strong and memorable image. Through a <a href=\"https:\/\/acxcom.com\/en\/digital-strategy\/\"><strong>personalized branding strategy<\/strong><\/a>, we define your positioning, values, and target audience. We then design a cohesive visual identity that sets you apart from the competition and strengthens your brand recognition. Our goal? To help you build a brand that reflects who you are and resonates with your audience.<\/p>\n<p><\/p>\n<ul class=\"triangle-list\">\n<li>Logo<\/li>\n<li>Contextual mood board<\/li>\n<li>Graphic charter and brand guide<\/li>\n<li>Iconography, typography, and color palette<\/li>\n<li>Illustrations and photography<\/li>\n<li>Brand positioning and conceptualization<\/li>\n<\/ul>\n<p>[\/et_pb_text][et_pb_button button_url=&#8221;https:\/\/acxcom.com\/en\/contact\/#creer-site&#8221; button_text=&#8221;Get in touch with us&#8221; button_alignment=&#8221;left&#8221; button_alignment_tablet=&#8221;left&#8221; button_alignment_phone=&#8221;center&#8221; button_alignment_last_edited=&#8221;on|phone&#8221; admin_label=&#8221;Bouton &#8211; Entrez en contact avec nous&#8221; _builder_version=&#8221;4.27.2&#8243; _module_preset=&#8221;default&#8221; custom_button=&#8221;on&#8221; button_bg_color=&#8221;RGBA(255,255,255,0)&#8221; button_bg_enable_image=&#8221;off&#8221; custom_margin=&#8221;27px||40px||false|false&#8221; custom_padding=&#8221;||||false|false&#8221; custom_css_free_form=&#8221;a.et_pb_button {||display: flex;||align-items: center;||justify-content: center;||}&#8221; global_colors_info=&#8221;{}&#8221; custom_css_main_element_last_edited=&#8221;on|phone&#8221; custom_css_main_element_phone=&#8221;width:100%;||white-space: normal;||text-align:center;&#8221; custom_css_main_element_tablet=&#8221;width:100%;||white-space: normal;||text-align:center;&#8221;][\/et_pb_button][\/et_pb_column][et_pb_column type=&#8221;2_5&#8243; _builder_version=&#8221;4.27.0&#8243; _module_preset=&#8221;default&#8221; global_colors_info=&#8221;{}&#8221;][et_pb_image src=&#8221;https:\/\/acxcom.com\/wp-content\/uploads\/2024\/09\/identity.png&#8221; alt=&#8221;Brand Image &#8211; Branding Agency &#8211; Acxcom&#8221; title_text=&#8221;identity&#8221; _builder_version=&#8221;4.27.2&#8243; _module_preset=&#8221;default&#8221; custom_margin=&#8221;||||false|false&#8221; global_colors_info=&#8221;{}&#8221;][\/et_pb_image][\/et_pb_column][\/et_pb_row][\/et_pb_section][et_pb_section fb_built=&#8221;1&#8243; _builder_version=&#8221;4.27.0&#8243; _module_preset=&#8221;default&#8221; background_color=&#8221;#403F3F&#8221; background_image=&#8221;https:\/\/acxcom.com\/wp-content\/uploads\/2024\/09\/cubes-bg.png&#8221; parallax=&#8221;on&#8221; custom_padding=&#8221;0%||0px||false|false&#8221; custom_css_main_element=&#8221;background-image:URL(&#8216;https:\/\/acxcom.com\/wp-content\/uploads\/2024\/09\/overlay-diagonales-bg.png&#8217;)!important;||background-size:cover;&#8221; global_colors_info=&#8221;{}&#8221;][et_pb_row _builder_version=&#8221;4.27.2&#8243; _module_preset=&#8221;default&#8221; background_image=&#8221;https:\/\/acxcom.com\/wp-content\/uploads\/2024\/10\/overlay-diagonales-bg-2.png&#8221; background_position=&#8221;center_left&#8221; width=&#8221;100%&#8221; max_width=&#8221;100%&#8221; custom_padding=&#8221;70px||80px||false|false&#8221; global_colors_info=&#8221;{}&#8221;][et_pb_column type=&#8221;4_4&#8243; _builder_version=&#8221;4.27.0&#8243; _module_preset=&#8221;default&#8221; global_colors_info=&#8221;{}&#8221;][et_pb_text admin_label=&#8221;Plus qu&#8217;une agence de branding&#8221; _builder_version=&#8221;4.27.2&#8243; _module_preset=&#8221;default&#8221; text_font=&#8221;|600|||||||&#8221; text_font_size=&#8221;16px&#8221; header_text_align=&#8221;left&#8221; header_font_size=&#8221;50px&#8221; header_2_font=&#8221;&#8211;et_global_heading_font|300|||||||&#8221; header_2_text_align=&#8221;left&#8221; header_2_font_size=&#8221;32px&#8221; text_orientation=&#8221;center&#8221; custom_padding=&#8221;0px|15%||5%|false|false&#8221; custom_padding_tablet=&#8221;0px|5%||5%|false|false&#8221; custom_padding_phone=&#8221;0px|10%||10%|false|true&#8221; custom_padding_last_edited=&#8221;on|tablet&#8221; global_colors_info=&#8221;{}&#8221;]<\/p>\n<h2>More Than a Branding Agency<\/h2>\n<p>[\/et_pb_text][et_pb_image src=&#8221;https:\/\/acxcom.com\/wp-content\/uploads\/2024\/09\/white-line.svg&#8221; title_text=&#8221;white-line&#8221; align=&#8221;center&#8221; force_fullwidth=&#8221;on&#8221; _builder_version=&#8221;4.27.2&#8243; _module_preset=&#8221;default&#8221; custom_margin=&#8221;20px||-2px||false|false&#8221; custom_padding=&#8221;|33%||5%|false|false&#8221; custom_padding_tablet=&#8221;|5%||5%|false|false&#8221; custom_padding_phone=&#8221;|10%||10%|false|true&#8221; custom_padding_last_edited=&#8221;on|tablet&#8221; global_colors_info=&#8221;{}&#8221;][\/et_pb_image][et_pb_text admin_label=&#8221;Au-del\u00e0 de la conception graphique&#8230;&#8221; _builder_version=&#8221;4.27.2&#8243; _module_preset=&#8221;default&#8221; custom_padding=&#8221;30px|50%||5%|false|false&#8221; custom_padding_tablet=&#8221;|5%|||false|false&#8221; custom_padding_phone=&#8221;|10%||10%|false|true&#8221; custom_padding_last_edited=&#8221;on|tablet&#8221; global_colors_info=&#8221;{}&#8221;]<\/p>\n<p>Beyond graphic design, we are your partner of choice for deploying your online presence in a comprehensive way. <strong><a href=\"https:\/\/acxcom.com\/en\/website-development-wordpress\/\">Web development<\/a><\/strong>, <strong><a href=\"https:\/\/acxcom.com\/en\/web-copywriting\/\">web copywriting<\/a><\/strong>, <strong><a href=\"https:\/\/acxcom.com\/en\/digital-strategy\/\">marketing<\/a><\/strong>, <strong><a href=\"https:\/\/acxcom.com\/en\/montreal-web-hosting\/\">hosting<\/a><\/strong>\u2026 We support you at every step to fully unleash your online potential.<\/p>\n<p>[\/et_pb_text][\/et_pb_column][\/et_pb_row][\/et_pb_section][et_pb_section fb_built=&#8221;1&#8243; _builder_version=&#8221;4.27.2&#8243; _module_preset=&#8221;default&#8221; background_color=&#8221;#2A2A2A&#8221; use_background_color_gradient=&#8221;on&#8221; background_color_gradient_direction=&#8221;0deg&#8221; background_color_gradient_stops=&#8221;#3c3c3c 0%|#403f3f 100%&#8221; custom_margin=&#8221;||-1px||false|false&#8221; custom_padding=&#8221;||100px|||&#8221; top_divider_style=&#8221;arrow3&#8243; top_divider_color=&#8221;#151415&#8243; global_colors_info=&#8221;{}&#8221;][et_pb_row _builder_version=&#8221;4.27.4&#8243; _module_preset=&#8221;default&#8221; width=&#8221;60%&#8221; width_tablet=&#8221;80%&#8221; width_phone=&#8221;90%&#8221; width_last_edited=&#8221;on|phone&#8221; global_colors_info=&#8221;{}&#8221;][et_pb_column type=&#8221;4_4&#8243; _builder_version=&#8221;4.27.0&#8243; _module_preset=&#8221;default&#8221; global_colors_info=&#8221;{}&#8221;][et_pb_text admin_label=&#8221;\u00c7a vous parle ?&#8221; _builder_version=&#8221;4.27.2&#8243; _module_preset=&#8221;default&#8221; header_4_text_align=&#8221;center&#8221; header_4_font_size=&#8221;24px&#8221; custom_padding=&#8221;8.8%||||false|false&#8221; global_colors_info=&#8221;{}&#8221;]<\/p>\n<h4>Sound good?<\/h4>\n<p>[\/et_pb_text][et_pb_button button_url=&#8221;\/a-propos-de-acxcom\/#notre-equipe&#8221; button_text=&#8221;Let&apos;s connect&#8221; button_alignment=&#8221;center&#8221; admin_label=&#8221;Bouton &#8211; Faisons connaissance&#8221; module_class=&#8221;acx-center-btn&#8221; _builder_version=&#8221;4.27.2&#8243; _module_preset=&#8221;default&#8221; custom_button=&#8221;on&#8221; button_bg_color=&#8221;RGBA(255,255,255,0)&#8221; button_bg_enable_image=&#8221;off&#8221; custom_margin=&#8221;30px||||false|false&#8221; custom_css_free_form=&#8221;a.et_pb_button {||display: flex;||align-items: center;||justify-content: center;||}||.et_pb_button_module_wrapper.et_pb_button_alignment_center.et_pb_module {||    display: flex;||    justify-content: center;||}&#8221; global_colors_info=&#8221;{}&#8221; custom_css_main_element_last_edited=&#8221;on|phone&#8221; custom_css_main_element_phone=&#8221;width:100%;||white-space: normal;||text-align:center;&#8221; custom_css_main_element_tablet=&#8221;width:100%;||white-space: normal;||text-align:center;&#8221;][\/et_pb_button][\/et_pb_column][\/et_pb_row][\/et_pb_section]<\/p>\n","protected":false},"excerpt":{"rendered":"<p>Branding and Brand ImageA Brand Identity That Stands OutOur Creativity at Your ServiceDo you want to take your business to the next level? Our agency helps you create a strong and memorable image. Through a personalized branding strategy, we define your positioning, values, and target audience. We then design a cohesive visual identity that sets [&hellip;]<\/p>\n","protected":false},"author":2,"featured_media":0,"parent":0,"menu_order":0,"comment_status":"closed","ping_status":"closed","template":"","meta":{"_et_pb_use_builder":"on","_et_pb_old_content":"","_et_gb_content_width":"","footnotes":""},"class_list":["post-7735","page","type-page","status-publish","hentry"],"_links":{"self":[{"href":"https:\/\/acxcom.com\/en\/wp-json\/wp\/v2\/pages\/7735","targetHints":{"allow":["GET"]}}],"collection":[{"href":"https:\/\/acxcom.com\/en\/wp-json\/wp\/v2\/pages"}],"about":[{"href":"https:\/\/acxcom.com\/en\/wp-json\/wp\/v2\/types\/page"}],"author":[{"embeddable":true,"href":"https:\/\/acxcom.com\/en\/wp-json\/wp\/v2\/users\/2"}],"replies":[{"embeddable":true,"href":"https:\/\/acxcom.com\/en\/wp-json\/wp\/v2\/comments?post=7735"}],"version-history":[{"count":5,"href":"https:\/\/acxcom.com\/en\/wp-json\/wp\/v2\/pages\/7735\/revisions"}],"predecessor-version":[{"id":10036,"href":"https:\/\/acxcom.com\/en\/wp-json\/wp\/v2\/pages\/7735\/revisions\/10036"}],"wp:attachment":[{"href":"https:\/\/acxcom.com\/en\/wp-json\/wp\/v2\/media?parent=7735"}],"curies":[{"name":"wp","href":"https:\/\/api.w.org\/{rel}","templated":true}]}}