{"id":7740,"date":"2024-11-06T12:19:12","date_gmt":"2024-11-06T17:19:12","guid":{"rendered":"https:\/\/acxcom.com\/optimized-content-writing\/"},"modified":"2026-01-29T14:35:53","modified_gmt":"2026-01-29T19:35:53","slug":"optimized-content-writing","status":"publish","type":"page","link":"https:\/\/acxcom.com\/en\/optimized-content-writing\/","title":{"rendered":"Optimized content writing"},"content":{"rendered":"<p>[et_pb_section fb_built=&#8221;1&#8243; module_class=&#8221;acx-section-1&#8243; _builder_version=&#8221;4.27.2&#8243; _module_preset=&#8221;default&#8221; background_color=&#8221;#3c3c3c&#8221; custom_padding=&#8221;0px||||false|false&#8221; global_colors_info=&#8221;{}&#8221;][et_pb_row module_class=&#8221;acx-banner&#8221; _builder_version=&#8221;4.27.2&#8243; _module_preset=&#8221;default&#8221; background_image=&#8221;https:\/\/acxcom.com\/wp-content\/uploads\/2024\/09\/Banner-redaction-3.png&#8221; background_position=&#8221;center_left&#8221; width=&#8221;100%&#8221; max_width=&#8221;100%&#8221; module_alignment=&#8221;center&#8221; height=&#8221;175px&#8221; custom_margin=&#8221;||||false|false&#8221; custom_css_main_element=&#8221;display:flex;||align-items:center;&#8221; global_colors_info=&#8221;{}&#8221;][et_pb_column type=&#8221;4_4&#8243; _builder_version=&#8221;4.27.0&#8243; _module_preset=&#8221;default&#8221; global_colors_info=&#8221;{}&#8221;][et_pb_text admin_label=&#8221;R\u00e9daction web et outil de communication&#8221; _builder_version=&#8221;4.27.2&#8243; _module_preset=&#8221;default&#8221; text_text_color=&#8221;#F46C16&#8243; text_font_size=&#8221;17px&#8221; header_3_font=&#8221;&#8211;et_global_heading_font|600|||||||&#8221; header_3_font_size=&#8221;30px&#8221; custom_margin=&#8221;|5%||5%|false|true&#8221; custom_margin_tablet=&#8221;|5%||5%|false|true&#8221; custom_margin_phone=&#8221;|10%||10%|false|true&#8221; custom_margin_last_edited=&#8221;on|phone&#8221; global_colors_info=&#8221;{}&#8221;]<\/p>\n<h1 style=\"font-size: 17px; color: #f46c16;\">Content Writing and Communication Tool<\/h1>\n<p><\/p>\n<h3>The Expertise of the Right Word<\/h3>\n<p>[\/et_pb_text][\/et_pb_column][\/et_pb_row][et_pb_row _builder_version=&#8221;4.27.2&#8243; _module_preset=&#8221;default&#8221; width=&#8221;90%&#8221; max_width=&#8221;90%&#8221; max_width_tablet=&#8221;90%&#8221; max_width_phone=&#8221;80%&#8221; max_width_last_edited=&#8221;on|phone&#8221; global_colors_info=&#8221;{}&#8221;][et_pb_column type=&#8221;4_4&#8243; _builder_version=&#8221;4.27.0&#8243; _module_preset=&#8221;default&#8221; global_colors_info=&#8221;{}&#8221;][et_pb_text admin_label=&#8221;\u00c9levez vos communications \u00e0 un niveau sup\u00e9rieur avec nos contenus optimis\u00e9s&#8221; module_class=&#8221;acx-module-hdp&#8221; _builder_version=&#8221;4.27.2&#8243; _module_preset=&#8221;default&#8221; text_font=&#8221;|600|||||||&#8221; text_font_size=&#8221;16px&#8221; header_text_align=&#8221;left&#8221; header_font_size=&#8221;50px&#8221; header_2_font=&#8221;&#8211;et_global_heading_font|300|||||||&#8221; header_2_text_align=&#8221;left&#8221; header_2_font_size=&#8221;32px&#8221; text_orientation=&#8221;center&#8221; custom_padding=&#8221;0px||||false|false&#8221; global_colors_info=&#8221;{}&#8221;]<\/p>\n<h2>Elevate Your Communications to the Next Level with Our Optimized Content<\/h2>\n<p>[\/et_pb_text][et_pb_image src=&#8221;https:\/\/acxcom.com\/wp-content\/uploads\/2024\/09\/white-line.svg&#8221; title_text=&#8221;white-line&#8221; align=&#8221;center&#8221; force_fullwidth=&#8221;on&#8221; _builder_version=&#8221;4.27.0&#8243; _module_preset=&#8221;default&#8221; custom_margin=&#8221;20px||-2px||false|false&#8221; global_colors_info=&#8221;{}&#8221;][\/et_pb_image][\/et_pb_column][\/et_pb_row][et_pb_row column_structure=&#8221;3_5,2_5&#8243; _builder_version=&#8221;4.27.2&#8243; _module_preset=&#8221;default&#8221; width=&#8221;90%&#8221; max_width=&#8221;90%&#8221; max_width_tablet=&#8221;90%&#8221; max_width_phone=&#8221;80%&#8221; max_width_last_edited=&#8221;on|phone&#8221; global_colors_info=&#8221;{}&#8221;][et_pb_column type=&#8221;3_5&#8243; _builder_version=&#8221;4.27.0&#8243; _module_preset=&#8221;default&#8221; global_colors_info=&#8221;{}&#8221;][et_pb_text admin_label=&#8221;R\u00e9diger des textes dans les r\u00e8gles&#8230;&#8221; _builder_version=&#8221;4.27.2&#8243; _module_preset=&#8221;default&#8221; custom_margin=&#8221;0px||0px||false|false&#8221; custom_padding=&#8221;30px||30px||true|&#8221; global_colors_info=&#8221;{}&#8221;]<\/p>\n<p>Writing texts that follow the rules while captivating a specific audience is our expertise! Whether your goal is to inform, influence, or generate action, our professional writers know how to create authentic and persuasive texts, helping you achieve tangible results.<\/p>\n<p><\/p>\n<p>Here are some communication tools for which we can assist with strategic content planning, writing, and editing:<\/p>\n<p><\/p>\n<ul class=\"triangle-list\">\n<li>Websites (SEO and UX)<\/li>\n<li>Google My Business<\/li>\n<li>Blog articles<\/li>\n<li>Social media<\/li>\n<li>Newsletters<\/li>\n<li>Flyers, brochures, and other documents<\/li>\n<li>Traditional and digital advertisements<\/li>\n<li>Press releases<\/li>\n<li>PowerPoint presentations<\/li>\n<li>Communication strategy and plan<\/li>\n<li>Business plan<\/li>\n<li>Content research<\/li>\n<li>Text revision<\/li>\n<\/ul>\n<p><\/p>\n<p>&nbsp;<\/p>\n<p><\/p>\n<p>&nbsp;<\/p>\n<p><\/p>\n<p>Contact us for a meeting with one of our content writing experts.<\/p>\n<p>[\/et_pb_text][et_pb_button button_url=&#8221;https:\/\/acxcom.com\/en\/contact\/#creer-site&#8221; button_text=&#8221;Get in touch with us&#8221; button_alignment=&#8221;left&#8221; button_alignment_tablet=&#8221;left&#8221; button_alignment_phone=&#8221;center&#8221; button_alignment_last_edited=&#8221;on|phone&#8221; admin_label=&#8221;Bouton &#8211; Entrer en contact&#8221; _builder_version=&#8221;4.27.5&#8243; _module_preset=&#8221;default&#8221; custom_button=&#8221;on&#8221; button_bg_color=&#8221;RGBA(255,255,255,0)&#8221; button_bg_enable_image=&#8221;off&#8221; custom_margin=&#8221;27px||40px||false|false&#8221; custom_padding=&#8221;||||false|false&#8221; hover_enabled=&#8221;0&#8243; custom_css_main_element=&#8221;height: 58px;||float:left;&#8221; custom_css_free_form=&#8221;a.et_pb_button {||display: flex;||align-items: center;||justify-content: center;||}&#8221; global_colors_info=&#8221;{}&#8221; custom_padding_last_edited=&#8221;on|phone&#8221; custom_padding_phone=&#8221;||||false|false&#8221; custom_margin_last_edited=&#8221;on|phone&#8221; custom_margin_phone=&#8221;27px||40px|-6px|false|false&#8221; sticky_enabled=&#8221;0&#8243; custom_padding_tablet=&#8221;||||false|false&#8221; custom_margin_tablet=&#8221;27px||40px||false|false&#8221;][\/et_pb_button][\/et_pb_column][et_pb_column type=&#8221;2_5&#8243; _builder_version=&#8221;4.27.0&#8243; _module_preset=&#8221;default&#8221; global_colors_info=&#8221;{}&#8221;][et_pb_image src=&#8221;https:\/\/acxcom.com\/wp-content\/uploads\/2024\/09\/plume-redaction-acxcom.png&#8221; alt=&#8221;Web Copywriting &#8211; Acxcom Agency &#8211; optimized content writing&#8221; title_text=&#8221;plume-redaction-acxcom&#8221; _builder_version=&#8221;4.27.2&#8243; _module_preset=&#8221;default&#8221; global_colors_info=&#8221;{}&#8221;][\/et_pb_image][\/et_pb_column][\/et_pb_row][\/et_pb_section][et_pb_section fb_built=&#8221;1&#8243; _builder_version=&#8221;4.27.0&#8243; _module_preset=&#8221;default&#8221; background_color=&#8221;#403F3F&#8221; background_image=&#8221;https:\/\/acxcom.com\/wp-content\/uploads\/2024\/09\/cubes-bg.png&#8221; parallax=&#8221;on&#8221; custom_padding=&#8221;0%||0px||false|false&#8221; custom_css_main_element=&#8221;background-image:URL(&#8216;https:\/\/acxcom.com\/wp-content\/uploads\/2024\/09\/overlay-diagonales-bg.png&#8217;)!important;||background-size:cover;&#8221; global_colors_info=&#8221;{}&#8221;][et_pb_row _builder_version=&#8221;4.27.2&#8243; _module_preset=&#8221;default&#8221; background_image=&#8221;https:\/\/acxcom.com\/wp-content\/uploads\/2024\/10\/overlay-diagonales-bg-2.png&#8221; background_position=&#8221;center_left&#8221; width=&#8221;100%&#8221; max_width=&#8221;100%&#8221; custom_padding=&#8221;70px||80px||false|false&#8221; global_colors_info=&#8221;{}&#8221;][et_pb_column type=&#8221;4_4&#8243; _builder_version=&#8221;4.27.0&#8243; _module_preset=&#8221;default&#8221; global_colors_info=&#8221;{}&#8221;][et_pb_text admin_label=&#8221;Notre agence web &#8211; Votre bo\u00eete \u00e0 outils en marketing web et communication&#8221; _builder_version=&#8221;4.27.4&#8243; _module_preset=&#8221;default&#8221; text_font=&#8221;|600|||||||&#8221; text_font_size=&#8221;16px&#8221; header_text_align=&#8221;left&#8221; header_font_size=&#8221;50px&#8221; header_2_font=&#8221;&#8211;et_global_heading_font|300|||||||&#8221; header_2_text_align=&#8221;left&#8221; header_2_font_size=&#8221;32px&#8221; text_orientation=&#8221;center&#8221; custom_padding=&#8221;0px|35%||5%|false|false&#8221; custom_padding_tablet=&#8221;0px|5%||5%|false|false&#8221; custom_padding_phone=&#8221;0px|10%||10%|false|true&#8221; custom_padding_last_edited=&#8221;on|tablet&#8221; global_colors_info=&#8221;{}&#8221;]<\/p>\n<h2>Our Web Agency &#8211; Your Toolbox for Web Marketing and Communication<\/h2>\n<p>[\/et_pb_text][et_pb_image src=&#8221;https:\/\/acxcom.com\/wp-content\/uploads\/2024\/09\/white-line.svg&#8221; title_text=&#8221;white-line&#8221; align=&#8221;center&#8221; force_fullwidth=&#8221;on&#8221; _builder_version=&#8221;4.27.4&#8243; _module_preset=&#8221;default&#8221; custom_margin=&#8221;20px||-2px||false|false&#8221; custom_padding=&#8221;|47%||5%|false|false&#8221; custom_padding_tablet=&#8221;|5%||5%|false|false&#8221; custom_padding_phone=&#8221;|10%||10%|false|true&#8221; custom_padding_last_edited=&#8221;on|tablet&#8221; global_colors_info=&#8221;{}&#8221;][\/et_pb_image][et_pb_text admin_label=&#8221;Court texte mettant en \u00e9vidence les services&#8230;&#8221; _builder_version=&#8221;4.27.2&#8243; _module_preset=&#8221;default&#8221; custom_padding=&#8221;30px|52.8%||5%|false|false&#8221; custom_padding_tablet=&#8221;|5%|||false|false&#8221; custom_padding_phone=&#8221;|10%||10%|false|true&#8221; custom_padding_last_edited=&#8221;on|tablet&#8221; global_colors_info=&#8221;{}&#8221;]<\/p>\n<p>Simplify your work and gain efficiency while enhancing the impact of your communication tools by using our complementary services:<\/p>\n<p><\/p>\n<ul class=\"triangle-list\">\n<li><strong><a href=\"https:\/\/acxcom.com\/en\/website-development-wordpress\/\">Website development<\/a><\/strong>: informational or educational sites, e-commerce sites, one-pager sites, site redesigns<\/li>\n<li><strong><a href=\"https:\/\/acxcom.com\/en\/web-design-agency\/\">Web design<\/a><\/strong>: logos, brand images, web mockups, iconography<\/li>\n<li><strong><a href=\"https:\/\/acxcom.com\/en\/digital-strategy\/\">Digital marketing<\/a><\/strong>: paid campaigns, organic web strategies, optimization, positioning, content creation<\/li>\n<\/ul>\n<p>[\/et_pb_text][\/et_pb_column][\/et_pb_row][\/et_pb_section][et_pb_section fb_built=&#8221;1&#8243; _builder_version=&#8221;4.27.0&#8243; _module_preset=&#8221;default&#8221; background_color=&#8221;#2A2A2A&#8221; global_colors_info=&#8221;{}&#8221;][et_pb_row custom_padding_last_edited=&#8221;on|tablet&#8221; module_class=&#8221;acx-cta-bdp&#8221; _builder_version=&#8221;4.27.5&#8243; _module_preset=&#8221;default&#8221; background_image=&#8221;https:\/\/acxcom.com\/wp-content\/uploads\/2024\/10\/cta-tissue-floor-pattern.png&#8221; custom_padding=&#8221;50px||50px||true|false&#8221; custom_padding_tablet=&#8221;0px||0px||true|false&#8221; custom_padding_phone=&#8221;0px||0px||true|true&#8221; hover_enabled=&#8221;0&#8243; global_colors_info=&#8221;{}&#8221; width_last_edited=&#8221;on|phone&#8221; width_phone=&#8221;100%&#8221; sticky_enabled=&#8221;0&#8243;][et_pb_column type=&#8221;4_4&#8243; _builder_version=&#8221;4.27.0&#8243; _module_preset=&#8221;default&#8221; global_colors_info=&#8221;{}&#8221;][et_pb_text admin_label=&#8221;Vous aimeriez b\u00e9n\u00e9ficier de notre expertise pour faire progresser votre entreprise ou votre organisation?&#8221; _builder_version=&#8221;4.27.5&#8243; _module_preset=&#8221;default&#8221; text_font_size=&#8221;18px&#8221; header_3_font=&#8221;|600|||||||&#8221; header_3_text_align=&#8221;center&#8221; header_3_text_color=&#8221;#bababa&#8221; header_3_font_size=&#8221;24px&#8221; background_image=&#8221;https:\/\/acxcom.com\/wp-content\/uploads\/2024\/09\/orange-line-dark-background.png&#8221; max_width=&#8221;750px&#8221; module_alignment=&#8221;center&#8221; height=&#8221;330px&#8221; height_tablet=&#8221;330px&#8221; height_phone=&#8221;330px&#8221; height_last_edited=&#8221;on|phone&#8221; custom_padding_tablet=&#8221;&#8221; custom_padding_phone=&#8221;10%|30px|10%|30px|true|true&#8221; custom_padding_last_edited=&#8221;on|phone&#8221; hover_enabled=&#8221;0&#8243; custom_css_main_element=&#8221;display:flex;||align-items:center;||justify-content:center;&#8221; custom_css_free_form=&#8221;.acx-cta-btn {||  cursor: pointer;||  background-color: #232323!important;||  text-align: center;||  margin:20px;||  height: 58px;||  display:flex;||  align-items:center;||  justify-content:center;||  transition:500ms;||  width:94%;||\twhite-space: normal;||}||.acx-button-container{||  display: flex;||  flex-direction: column;||  align-items: center;  ||}&#8221; global_colors_info=&#8221;{}&#8221; sticky_enabled=&#8221;0&#8243;]<\/p>\n<div class=\"acx-button-container\">\n<h3 style=\"padding-bottom: 20px;\">Would you like to leverage our expertise to advance your business or organization?<\/h3>\n<div class=\"et_pb_button acx-cta-btn\" style=\"background-color: #232323;\"><a href=\"https:\/\/acxcom.com\/en\/contact\/#creer-site\">Contact us now<\/a><\/div>\n<p><\/div>\n<p>[\/et_pb_text][\/et_pb_column][\/et_pb_row][\/et_pb_section][et_pb_section fb_built=&#8221;1&#8243; disabled_on=&#8221;on|on|on&#8221; _builder_version=&#8221;4.27.2&#8243; _module_preset=&#8221;default&#8221; background_color=&#8221;#2A2A2A&#8221; use_background_color_gradient=&#8221;on&#8221; background_color_gradient_direction=&#8221;0deg&#8221; background_color_gradient_stops=&#8221;#3c3c3c 0%|#403f3f 100%&#8221; custom_margin=&#8221;||-1px||false|false&#8221; custom_padding=&#8221;||100px|||&#8221; top_divider_style=&#8221;arrow3&#8243; top_divider_color=&#8221;#2a2a2a&#8221; disabled=&#8221;on&#8221; global_colors_info=&#8221;{}&#8221;][et_pb_row _builder_version=&#8221;4.27.0&#8243; _module_preset=&#8221;default&#8221; global_colors_info=&#8221;{}&#8221;][et_pb_column type=&#8221;4_4&#8243; _builder_version=&#8221;4.27.0&#8243; _module_preset=&#8221;default&#8221; global_colors_info=&#8221;{}&#8221;][et_pb_text admin_label=&#8221;Consultez nos projets vedettes en r\u00e9daction&#8221; _builder_version=&#8221;4.27.2&#8243; _module_preset=&#8221;default&#8221; header_4_text_align=&#8221;center&#8221; header_4_font_size=&#8221;24px&#8221; custom_padding=&#8221;8.8%||||false|false&#8221; global_colors_info=&#8221;{}&#8221;]<\/p>\n<h4>Check Out Our Featured Content Writing Projects<\/h4>\n<p>[\/et_pb_text][et_pb_button button_url=&#8221;https:\/\/acxcom.com\/en\/contact\/#creer-site&#8221; button_text=&#8221;Contact us&#8221; button_alignment=&#8221;center&#8221; admin_label=&#8221;Bouton &#8211; Projets vedettes&#8221; module_class=&#8221;acx-center-btn&#8221; _builder_version=&#8221;4.27.2&#8243; _module_preset=&#8221;default&#8221; custom_button=&#8221;on&#8221; button_bg_color=&#8221;RGBA(255,255,255,0)&#8221; button_bg_enable_image=&#8221;off&#8221; custom_margin=&#8221;30px||||false|false&#8221; custom_css_main_element=&#8221;||height: 58px;&#8221; custom_css_free_form=&#8221;a.et_pb_button {||display: flex;||align-items: center;||justify-content: center;||}||.et_pb_button_module_wrapper.et_pb_button_alignment_center.et_pb_module {||    display: flex;||    justify-content: center;||}&#8221; global_colors_info=&#8221;{}&#8221;][\/et_pb_button][\/et_pb_column][\/et_pb_row][\/et_pb_section]<\/p>\n","protected":false},"excerpt":{"rendered":"<p>Content Writing and Communication ToolThe Expertise of the Right WordElevate Your Communications to the Next Level with Our Optimized ContentWriting texts that follow the rules while captivating a specific audience is our expertise! Whether your goal is to inform, influence, or generate action, our professional writers know how to create authentic and persuasive texts, helping [&hellip;]<\/p>\n","protected":false},"author":2,"featured_media":0,"parent":0,"menu_order":10,"comment_status":"closed","ping_status":"closed","template":"","meta":{"_et_pb_use_builder":"on","_et_pb_old_content":"","_et_gb_content_width":"","footnotes":""},"class_list":["post-7740","page","type-page","status-publish","hentry"],"_links":{"self":[{"href":"https:\/\/acxcom.com\/en\/wp-json\/wp\/v2\/pages\/7740","targetHints":{"allow":["GET"]}}],"collection":[{"href":"https:\/\/acxcom.com\/en\/wp-json\/wp\/v2\/pages"}],"about":[{"href":"https:\/\/acxcom.com\/en\/wp-json\/wp\/v2\/types\/page"}],"author":[{"embeddable":true,"href":"https:\/\/acxcom.com\/en\/wp-json\/wp\/v2\/users\/2"}],"replies":[{"embeddable":true,"href":"https:\/\/acxcom.com\/en\/wp-json\/wp\/v2\/comments?post=7740"}],"version-history":[{"count":5,"href":"https:\/\/acxcom.com\/en\/wp-json\/wp\/v2\/pages\/7740\/revisions"}],"predecessor-version":[{"id":10465,"href":"https:\/\/acxcom.com\/en\/wp-json\/wp\/v2\/pages\/7740\/revisions\/10465"}],"wp:attachment":[{"href":"https:\/\/acxcom.com\/en\/wp-json\/wp\/v2\/media?parent=7740"}],"curies":[{"name":"wp","href":"https:\/\/api.w.org\/{rel}","templated":true}]}}